{"id":143840,"date":"2024-12-03T18:41:44","date_gmt":"2024-12-03T17:41:44","guid":{"rendered":"https:\/\/www.axp-systems-engineering.de\/?page_id=143840"},"modified":"2025-03-02T20:05:37","modified_gmt":"2025-03-02T19:05:37","slug":"about-the-founder","status":"publish","type":"page","link":"https:\/\/www.axp-systems-engineering.de\/en\/about-us\/about-the-founder\/","title":{"rendered":"About the Founder"},"content":{"rendered":"<div class=\"wpb-content-wrapper\"><p>[vc_row row_height_percent=&#8221;50&#8243; override_padding=&#8221;yes&#8221; h_padding=&#8221;2&#8243; top_padding=&#8221;5&#8243; bottom_padding=&#8221;6&#8243; back_color=&#8221;color-133903&#8243; back_image=&#8221;141741&#8243; parallax=&#8221;yes&#8221; overlay_alpha=&#8221;0&#8243; gutter_size=&#8221;3&#8243; column_width_percent=&#8221;100&#8243; shift_y=&#8221;0&#8243; z_index=&#8221;0&#8243; top_divider=&#8221;gradient&#8221; bottom_divider=&#8221;step_3_4&#8243; content_parallax=&#8221;0&#8243; uncode_shortcode_id=&#8221;721552&#8243; overlay_color_type=&#8221;uncode-gradient&#8221; back_color_type=&#8221;uncode-palette&#8221;][vc_column column_width_percent=&#8221;100&#8243; position_vertical=&#8221;middle&#8221; align_horizontal=&#8221;align_center&#8221; gutter_size=&#8221;3&#8243; style=&#8221;dark&#8221; overlay_alpha=&#8221;0&#8243; shift_x=&#8221;0&#8243; shift_y=&#8221;0&#8243; shift_y_down=&#8221;0&#8243; z_index=&#8221;0&#8243; medium_width=&#8221;0&#8243; mobile_width=&#8221;0&#8243; css_animation=&#8221;alpha-anim&#8221; animation_speed=&#8221;1000&#8243; width=&#8221;1\/1&#8243; uncode_shortcode_id=&#8221;658998&#8243;][vc_row_inner row_inner_height_percent=&#8221;0&#8243; overlay_alpha=&#8221;0&#8243; gutter_size=&#8221;4&#8243; shift_y=&#8221;0&#8243; z_index=&#8221;0&#8243; limit_content=&#8221;&#8221; uncode_shortcode_id=&#8221;473548&#8243;][vc_column_inner column_width_percent=&#8221;100&#8243; position_horizontal=&#8221;left&#8221; gutter_size=&#8221;4&#8243; style=&#8221;dark&#8221; overlay_alpha=&#8221;0&#8243; shift_x=&#8221;0&#8243; shift_y=&#8221;0&#8243; shift_y_down=&#8221;0&#8243; z_index=&#8221;0&#8243; align_medium=&#8221;align_left_tablet&#8221; medium_width=&#8221;0&#8243; align_mobile=&#8221;align_left_mobile&#8221; mobile_width=&#8221;0&#8243; width=&#8221;1\/1&#8243; uncode_shortcode_id=&#8221;585809&#8243;][vc_empty_space empty_h=&#8221;1&#8243;][vc_custom_heading text_font=&#8221;font-178836&#8243; text_size=&#8221;custom&#8221; text_weight=&#8221;600&#8243; text_height=&#8221;fontheight-357766&#8243; uncode_shortcode_id=&#8221;210852&#8243; heading_custom_size=&#8221;36&#8243;]Prof. Dr. Alexander Adams[\/vc_custom_heading][\/vc_column_inner][\/vc_row_inner][vc_row_inner row_inner_height_percent=&#8221;0&#8243; overlay_alpha=&#8221;0&#8243; gutter_size=&#8221;4&#8243; shift_y=&#8221;0&#8243; z_index=&#8221;0&#8243; limit_content=&#8221;&#8221; uncode_shortcode_id=&#8221;228798&#8243;][vc_column_inner column_width_percent=&#8221;100&#8243; align_horizontal=&#8221;align_center&#8221; gutter_size=&#8221;4&#8243; style=&#8221;dark&#8221; overlay_alpha=&#8221;0&#8243; shift_x=&#8221;0&#8243; shift_y=&#8221;0&#8243; shift_y_down=&#8221;0&#8243; z_index=&#8221;0&#8243; align_medium=&#8221;align_left_tablet&#8221; medium_width=&#8221;0&#8243; align_mobile=&#8221;align_left_mobile&#8221; mobile_width=&#8221;0&#8243; width=&#8221;1\/1&#8243; uncode_shortcode_id=&#8221;550182&#8243;][vc_custom_heading heading_semantic=&#8221;h1&#8243; text_font=&#8221;font-178836&#8243; text_size=&#8221;custom&#8221; text_weight=&#8221;600&#8243; text_transform=&#8221;uppercase&#8221; text_height=&#8221;fontheight-357766&#8243; text_space=&#8221;fontspace-781688&#8243; css_animation=&#8221;curtain-words&#8221; animation_speed=&#8221;1000&#8243; animation_delay=&#8221;200&#8243; uncode_shortcode_id=&#8221;206104&#8243; heading_custom_size=&#8221;50px&#8221;]About us[\/vc_custom_heading][\/vc_column_inner][\/vc_row_inner][\/vc_column][\/vc_row][vc_row row_height_percent=&#8221;0&#8243; override_padding=&#8221;yes&#8221; h_padding=&#8221;2&#8243; top_padding=&#8221;5&#8243; bottom_padding=&#8221;2&#8243; overlay_alpha=&#8221;50&#8243; gutter_size=&#8221;3&#8243; column_width_percent=&#8221;100&#8243; shift_y=&#8221;0&#8243; z_index=&#8221;0&#8243; bottom_divider=&#8221;step_2_3&#8243; content_parallax=&#8221;0&#8243; uncode_shortcode_id=&#8221;155903&#8243;][vc_column column_width_percent=&#8221;100&#8243; gutter_size=&#8221;4&#8243; overlay_alpha=&#8221;50&#8243; shift_x=&#8221;0&#8243; shift_y=&#8221;0&#8243; shift_y_down=&#8221;0&#8243; z_index=&#8221;0&#8243; medium_width=&#8221;0&#8243; mobile_width=&#8221;0&#8243; css_animation=&#8221;alpha-anim&#8221; animation_speed=&#8221;1000&#8243; width=&#8221;1\/1&#8243; uncode_shortcode_id=&#8221;205630&#8243;][vc_row_inner row_inner_height_percent=&#8221;0&#8243; overlay_alpha=&#8221;50&#8243; gutter_size=&#8221;4&#8243; shift_y=&#8221;0&#8243; z_index=&#8221;0&#8243; limit_content=&#8221;&#8221; uncode_shortcode_id=&#8221;903110&#8243;][vc_column_inner width=&#8221;1\/1&#8243;][vc_custom_heading text_color=&#8221;color-659620&#8243; heading_semantic=&#8221;h6&#8243; text_size=&#8221;custom&#8221; text_transform=&#8221;uppercase&#8221; text_space=&#8221;fontspace-210350&#8243; uncode_shortcode_id=&#8221;102281&#8243; text_color_type=&#8221;uncode-palette&#8221; heading_custom_size=&#8221;16px&#8221;]Prof. Dr. Alexander Adams[\/vc_custom_heading][vc_custom_heading text_font=&#8221;font-178836&#8243; text_size=&#8221;fontsize-739966&#8243; text_weight=&#8221;700&#8243; text_height=&#8221;fontheight-357766&#8243; uncode_shortcode_id=&#8221;208749&#8243;]About the Founder[\/vc_custom_heading][\/vc_column_inner][\/vc_row_inner][\/vc_column][\/vc_row][vc_row unlock_row_content=&#8221;yes&#8221; row_height_percent=&#8221;0&#8243; override_padding=&#8221;yes&#8221; h_padding=&#8221;5&#8243; top_padding=&#8221;2&#8243; bottom_padding=&#8221;7&#8243; overlay_color=&#8221;color-120393&#8243; overlay_alpha=&#8221;65&#8243; equal_height=&#8221;yes&#8221; gutter_size=&#8221;6&#8243; column_width_percent=&#8221;100&#8243; shift_y=&#8221;0&#8243; z_index=&#8221;0&#8243; enable_bottom_divider=&#8221;default&#8221; bottom_divider=&#8221;step_2_3&#8243; shape_bottom_flip=&#8221;yes&#8221; shape_bottom_h_use_pixel=&#8221;&#8221; shape_bottom_height=&#8221;25&#8243; shape_bottom_color=&#8221;color-165785&#8243; shape_bottom_opacity=&#8221;100&#8243; shape_bottom_index=&#8221;0&#8243; changer_back_color=&#8221;yes&#8221; content_parallax=&#8221;0&#8243; uncode_shortcode_id=&#8221;157660&#8243; shape_bottom_color_type=&#8221;uncode-palette&#8221; overlay_color_type=&#8221;uncode-palette&#8221;][vc_column column_width_percent=&#8221;100&#8243; gutter_size=&#8221;3&#8243; overlay_alpha=&#8221;50&#8243; shift_x=&#8221;0&#8243; shift_y=&#8221;0&#8243; shift_y_down=&#8221;0&#8243; z_index=&#8221;0&#8243; medium_width=&#8221;0&#8243; mobile_width=&#8221;0&#8243; css_animation=&#8221;left-t-right&#8221; animation_speed=&#8221;1000&#8243; width=&#8221;1\/2&#8243; uncode_shortcode_id=&#8221;206229&#8243;][vc_empty_space empty_h=&#8221;5&#8243; medium_visibility=&#8221;yes&#8221; mobile_visibility=&#8221;yes&#8221;][vc_single_image media=&#8221;141742&#8243; media_width_percent=&#8221;100&#8243; media_ratio=&#8221;three-two&#8221; shape=&#8221;img-round&#8221; radius=&#8221;xs&#8221; uncode_shortcode_id=&#8221;116798&#8243; media_link=&#8221;title:About%20Business&#8221;][vc_empty_space empty_h=&#8221;2&#8243;][\/vc_column][vc_column column_width_use_pixel=&#8221;yes&#8221; position_horizontal=&#8221;left&#8221; position_vertical=&#8221;middle&#8221; gutter_size=&#8221;2&#8243; override_padding=&#8221;yes&#8221; column_padding=&#8221;0&#8243; overlay_alpha=&#8221;50&#8243; shift_x=&#8221;0&#8243; shift_y=&#8221;0&#8243; shift_y_down=&#8221;0&#8243; z_index=&#8221;2&#8243; medium_width=&#8221;0&#8243; align_mobile=&#8221;align_left_mobile&#8221; mobile_width=&#8221;0&#8243; css_animation=&#8221;alpha-anim&#8221; animation_speed=&#8221;1000&#8243; animation_delay=&#8221;200&#8243; width=&#8221;1\/2&#8243; uncode_shortcode_id=&#8221;108978&#8243; column_width_pixel=&#8221;622&#8243;][vc_custom_heading heading_semantic=&#8221;h3&#8243; text_font=&#8221;font-178836&#8243; text_size=&#8221;h3&#8243; text_weight=&#8221;700&#8243; text_height=&#8221;fontheight-357766&#8243; uncode_shortcode_id=&#8221;139965&#8243;]Biography[\/vc_custom_heading][vc_empty_space empty_h=&#8221;1&#8243;][vc_column_text text_lead=&#8221;yes&#8221; uncode_shortcode_id=&#8221;236530&#8243;]Prof. Dr. Alexander Adams &#8212; CEO and Founder of AXP Systems Engineering GmbH &#8212; provides technology expertise and consulting services to cable and telecom operators as well as technology vendors and associations worldwide. Prof. Dr. Adams has 25 years of experience in broadband cable and the international telecommunications industry, specializing in dissemination of specialized technical knowledge, the education and training of broadband engineering personnel, as well as engineering consulting services in PON- and HFC-systems, DOCSIS 1.0 through 4.0, OFDM\/A, 1G through 6G, WiFi, PNM, PMA, Remote-PHY &amp; FMA, artificial intelligence, coherent optics and network security.<\/p>\n<p>Prof. Dr. Adams has been an associate professor for communications systems engineering at Jade Hochschule of Applied Sciences in Wilhelmshaven, Germany for the past six years, offering special classes on modern broadband and communications technology. This approach educates becoming engineers directly for communications technology used in the field and is unique in Germany. Prof. Dr. Adams has brought more than 50 engineers into the communications industry.<\/p>\n<p>Prof. Dr. Adams holds a profound knowledge of communications systems engineering, the technical functionality of modern communications technology, as well as its application in broadband networks worldwide. His teaching is well structured and keeps a close relation to modern field applications. His students appreciate his experience, his open way of communication, his entertaining style of teaching, and his interest in their learning success and progress.<\/p>\n<p>Prof. Dr. Adams has been working with SCTE, a subsidiary of CableLabs since 2012 as a trainer, content creator, and subject matter expert for cable-bound and wireless communications systems and has been deployed globally for SCTE in these functions. He is an instructor and frequent speaker on modern and future communications technologies for the organization with industry partners and at industry events, conventions, and technical sessions.<\/p>\n<p>Further, Prof. Dr. Adams is SCTE\u2019s representative in Europe, organizing cooperation with local industry associations such as dibkom in Germany and PIKE in Poland, as well as with European university partners. Prof. Dr. Adams represents SCTE\u2019s engineering in the CableLabs\u00ae \u201cProactive Network Maintenance Research Group\u201d and in this function contributed to the definition of the DOCSIS 3.1 and DOCSIS 4.0 specifications for transmission of data across the coaxial infrastructure.<\/p>\n<p>His contributions to research and education in the communications industry, underscored by his frequent publications in industry literature, make Prof. Dr. Adams an excellent link between academic research and practical engineering deployment in the field.<\/p>\n<p>Formerly, Prof. Dr. Adams was managing director of Adams Network Engineering GmbH, a Germany-based engineering company active in network design as well as broadband network service and integration. He further was Chief Science Officer of Netzkontor GmbH, a holding of 16 companies and 1500 employees in broadband network service and integration, where his task was the organization and operation of a corporate training academy for field technicians and engineers.<\/p>\n<p>A highly respected speaker and industry thought leader, Prof. Dr. Adams is a frequent presenter at domestic and international industry trade shows, conferences and regional seminars. He has published numerous articles and podcasts in worldwide communications journals and magazines. Prof. Dr. Adams earned a doctorate degree in engineering from the Technical University of Darmstadt in 2007. He received his master- and bachelor\u2019s degrees in electrical engineering from the University of Hawai\u2019i in 2001 and 1997, respectively.[\/vc_column_text][vc_empty_space][\/vc_column][\/vc_row]<\/p>\n<\/div>","protected":false},"excerpt":{"rendered":"<p>[vc_row row_height_percent=&#8221;50&#8243; override_padding=&#8221;yes&#8221; h_padding=&#8221;2&#8243; top_padding=&#8221;5&#8243; bottom_padding=&#8221;6&#8243; back_color=&#8221;color-133903&#8243; back_image=&#8221;141741&#8243; parallax=&#8221;yes&#8221; overlay_alpha=&#8221;0&#8243; gutter_size=&#8221;3&#8243; column_width_percent=&#8221;100&#8243; shift_y=&#8221;0&#8243; z_index=&#8221;0&#8243; top_divider=&#8221;gradient&#8221; bottom_divider=&#8221;step_3_4&#8243; content_parallax=&#8221;0&#8243; uncode_shortcode_id=&#8221;721552&#8243; overlay_color_type=&#8221;uncode-gradient&#8221; back_color_type=&#8221;uncode-palette&#8221;][vc_column [&hellip;]<\/p>\n","protected":false},"author":28,"featured_media":143071,"parent":143119,"menu_order":0,"comment_status":"closed","ping_status":"closed","template":"","meta":{"footnotes":""},"class_list":["post-143840","page","type-page","status-publish","has-post-thumbnail","hentry","page_category-axp-en"],"yoast_head":"<!-- This site is optimized with the Yoast SEO plugin v27.3 - https:\/\/yoast.com\/product\/yoast-seo-wordpress\/ -->\n<title>About the Founder - AXP SYSTEMS ENGINEERING - Prof. Dr.-Ing. Alexander Adams<\/title>\n<meta name=\"robots\" content=\"index, follow, max-snippet:-1, max-image-preview:large, max-video-preview:-1\" \/>\n<link rel=\"canonical\" href=\"https:\/\/www.axp-systems-engineering.de\/en\/about-us\/about-the-founder\/\" \/>\n<meta property=\"og:locale\" content=\"en_US\" \/>\n<meta property=\"og:type\" content=\"article\" \/>\n<meta property=\"og:title\" content=\"About the Founder - AXP SYSTEMS ENGINEERING - Prof. Dr.-Ing. Alexander Adams\" \/>\n<meta property=\"og:description\" content=\"[vc_row row_height_percent=&#8221;50&#8243; override_padding=&#8221;yes&#8221; h_padding=&#8221;2&#8243; top_padding=&#8221;5&#8243; bottom_padding=&#8221;6&#8243; back_color=&#8221;color-133903&#8243; back_image=&#8221;141741&#8243; parallax=&#8221;yes&#8221; overlay_alpha=&#8221;0&#8243; gutter_size=&#8221;3&#8243; column_width_percent=&#8221;100&#8243; shift_y=&#8221;0&#8243; z_index=&#8221;0&#8243; top_divider=&#8221;gradient&#8221; bottom_divider=&#8221;step_3_4&#8243; content_parallax=&#8221;0&#8243; uncode_shortcode_id=&#8221;721552&#8243; overlay_color_type=&#8221;uncode-gradient&#8221; back_color_type=&#8221;uncode-palette&#8221;][vc_column [&hellip;]\" \/>\n<meta property=\"og:url\" content=\"https:\/\/www.axp-systems-engineering.de\/en\/about-us\/about-the-founder\/\" \/>\n<meta property=\"og:site_name\" content=\"AXP SYSTEMS ENGINEERING - Prof. Dr.-Ing. Alexander Adams\" \/>\n<meta property=\"article:modified_time\" content=\"2025-03-02T19:05:37+00:00\" \/>\n<meta property=\"og:image\" content=\"https:\/\/www.axp-systems-engineering.de\/wp-content\/uploads\/2024\/09\/axp-systems-engineering_header-start.jpg\" \/>\n\t<meta property=\"og:image:width\" content=\"1920\" \/>\n\t<meta property=\"og:image:height\" content=\"805\" \/>\n\t<meta property=\"og:image:type\" content=\"image\/jpeg\" \/>\n<meta name=\"twitter:card\" content=\"summary_large_image\" \/>\n<meta name=\"twitter:label1\" content=\"Est. reading time\" \/>\n\t<meta name=\"twitter:data1\" content=\"4 minutes\" \/>\n<script type=\"application\/ld+json\" class=\"yoast-schema-graph\">{\"@context\":\"https:\\\/\\\/schema.org\",\"@graph\":[{\"@type\":\"WebPage\",\"@id\":\"https:\\\/\\\/www.axp-systems-engineering.de\\\/en\\\/about-us\\\/about-the-founder\\\/\",\"url\":\"https:\\\/\\\/www.axp-systems-engineering.de\\\/en\\\/about-us\\\/about-the-founder\\\/\",\"name\":\"About the Founder - AXP SYSTEMS ENGINEERING - Prof. Dr.-Ing. Alexander Adams\",\"isPartOf\":{\"@id\":\"https:\\\/\\\/www.axp-systems-engineering.de\\\/en\\\/#website\"},\"primaryImageOfPage\":{\"@id\":\"https:\\\/\\\/www.axp-systems-engineering.de\\\/en\\\/about-us\\\/about-the-founder\\\/#primaryimage\"},\"image\":{\"@id\":\"https:\\\/\\\/www.axp-systems-engineering.de\\\/en\\\/about-us\\\/about-the-founder\\\/#primaryimage\"},\"thumbnailUrl\":\"https:\\\/\\\/www.axp-systems-engineering.de\\\/wp-content\\\/uploads\\\/2024\\\/09\\\/axp-systems-engineering_header-start.jpg\",\"datePublished\":\"2024-12-03T17:41:44+00:00\",\"dateModified\":\"2025-03-02T19:05:37+00:00\",\"breadcrumb\":{\"@id\":\"https:\\\/\\\/www.axp-systems-engineering.de\\\/en\\\/about-us\\\/about-the-founder\\\/#breadcrumb\"},\"inLanguage\":\"en-US\",\"potentialAction\":[{\"@type\":\"ReadAction\",\"target\":[\"https:\\\/\\\/www.axp-systems-engineering.de\\\/en\\\/about-us\\\/about-the-founder\\\/\"]}]},{\"@type\":\"ImageObject\",\"inLanguage\":\"en-US\",\"@id\":\"https:\\\/\\\/www.axp-systems-engineering.de\\\/en\\\/about-us\\\/about-the-founder\\\/#primaryimage\",\"url\":\"https:\\\/\\\/www.axp-systems-engineering.de\\\/wp-content\\\/uploads\\\/2024\\\/09\\\/axp-systems-engineering_header-start.jpg\",\"contentUrl\":\"https:\\\/\\\/www.axp-systems-engineering.de\\\/wp-content\\\/uploads\\\/2024\\\/09\\\/axp-systems-engineering_header-start.jpg\",\"width\":1920,\"height\":805},{\"@type\":\"BreadcrumbList\",\"@id\":\"https:\\\/\\\/www.axp-systems-engineering.de\\\/en\\\/about-us\\\/about-the-founder\\\/#breadcrumb\",\"itemListElement\":[{\"@type\":\"ListItem\",\"position\":1,\"name\":\"Startseite\",\"item\":\"https:\\\/\\\/www.axp-systems-engineering.de\\\/en\\\/\"},{\"@type\":\"ListItem\",\"position\":2,\"name\":\"About us\",\"item\":\"https:\\\/\\\/www.axp-systems-engineering.de\\\/en\\\/about-us\\\/\"},{\"@type\":\"ListItem\",\"position\":3,\"name\":\"About the Founder\"}]},{\"@type\":\"WebSite\",\"@id\":\"https:\\\/\\\/www.axp-systems-engineering.de\\\/en\\\/#website\",\"url\":\"https:\\\/\\\/www.axp-systems-engineering.de\\\/en\\\/\",\"name\":\"AXP SYSTEMS ENGINEERING - Dr.-Ing. Alexander Adams\",\"description\":\"Knowing how communi\u00adcations work: L\u00f6sungen f\u00fcr Netzbetreiber, Stadtwerke, Wohnbaugesellschaften, Manager und F\u00fchrungskr\u00e4fte.\",\"publisher\":{\"@id\":\"https:\\\/\\\/www.axp-systems-engineering.de\\\/en\\\/#organization\"},\"potentialAction\":[{\"@type\":\"SearchAction\",\"target\":{\"@type\":\"EntryPoint\",\"urlTemplate\":\"https:\\\/\\\/www.axp-systems-engineering.de\\\/en\\\/?s={search_term_string}\"},\"query-input\":{\"@type\":\"PropertyValueSpecification\",\"valueRequired\":true,\"valueName\":\"search_term_string\"}}],\"inLanguage\":\"en-US\"},{\"@type\":\"Organization\",\"@id\":\"https:\\\/\\\/www.axp-systems-engineering.de\\\/en\\\/#organization\",\"name\":\"AXP SYSTEMS ENGINEERING - Knowing howcommuni\u00adcations work\",\"url\":\"https:\\\/\\\/www.axp-systems-engineering.de\\\/en\\\/\",\"logo\":{\"@type\":\"ImageObject\",\"inLanguage\":\"en-US\",\"@id\":\"https:\\\/\\\/www.axp-systems-engineering.de\\\/en\\\/#\\\/schema\\\/logo\\\/image\\\/\",\"url\":\"https:\\\/\\\/www.axp-systems-engineering.de\\\/wp-content\\\/uploads\\\/2024\\\/09\\\/axp-systems-engineering_logo-schwarz.png\",\"contentUrl\":\"https:\\\/\\\/www.axp-systems-engineering.de\\\/wp-content\\\/uploads\\\/2024\\\/09\\\/axp-systems-engineering_logo-schwarz.png\",\"width\":600,\"height\":332,\"caption\":\"AXP SYSTEMS ENGINEERING - Knowing howcommuni\u00adcations work\"},\"image\":{\"@id\":\"https:\\\/\\\/www.axp-systems-engineering.de\\\/en\\\/#\\\/schema\\\/logo\\\/image\\\/\"}}]}<\/script>\n<!-- \/ Yoast SEO plugin. -->","yoast_head_json":{"title":"About the Founder - AXP SYSTEMS ENGINEERING - Prof. Dr.-Ing. Alexander Adams","robots":{"index":"index","follow":"follow","max-snippet":"max-snippet:-1","max-image-preview":"max-image-preview:large","max-video-preview":"max-video-preview:-1"},"canonical":"https:\/\/www.axp-systems-engineering.de\/en\/about-us\/about-the-founder\/","og_locale":"en_US","og_type":"article","og_title":"About the Founder - AXP SYSTEMS ENGINEERING - Prof. Dr.-Ing. Alexander Adams","og_description":"[vc_row row_height_percent=&#8221;50&#8243; override_padding=&#8221;yes&#8221; h_padding=&#8221;2&#8243; top_padding=&#8221;5&#8243; bottom_padding=&#8221;6&#8243; back_color=&#8221;color-133903&#8243; back_image=&#8221;141741&#8243; parallax=&#8221;yes&#8221; overlay_alpha=&#8221;0&#8243; gutter_size=&#8221;3&#8243; column_width_percent=&#8221;100&#8243; shift_y=&#8221;0&#8243; z_index=&#8221;0&#8243; top_divider=&#8221;gradient&#8221; bottom_divider=&#8221;step_3_4&#8243; content_parallax=&#8221;0&#8243; uncode_shortcode_id=&#8221;721552&#8243; overlay_color_type=&#8221;uncode-gradient&#8221; back_color_type=&#8221;uncode-palette&#8221;][vc_column [&hellip;]","og_url":"https:\/\/www.axp-systems-engineering.de\/en\/about-us\/about-the-founder\/","og_site_name":"AXP SYSTEMS ENGINEERING - Prof. Dr.-Ing. Alexander Adams","article_modified_time":"2025-03-02T19:05:37+00:00","og_image":[{"width":1920,"height":805,"url":"https:\/\/www.axp-systems-engineering.de\/wp-content\/uploads\/2024\/09\/axp-systems-engineering_header-start.jpg","type":"image\/jpeg"}],"twitter_card":"summary_large_image","twitter_misc":{"Est. reading time":"4 minutes"},"schema":{"@context":"https:\/\/schema.org","@graph":[{"@type":"WebPage","@id":"https:\/\/www.axp-systems-engineering.de\/en\/about-us\/about-the-founder\/","url":"https:\/\/www.axp-systems-engineering.de\/en\/about-us\/about-the-founder\/","name":"About the Founder - AXP SYSTEMS ENGINEERING - Prof. Dr.-Ing. Alexander Adams","isPartOf":{"@id":"https:\/\/www.axp-systems-engineering.de\/en\/#website"},"primaryImageOfPage":{"@id":"https:\/\/www.axp-systems-engineering.de\/en\/about-us\/about-the-founder\/#primaryimage"},"image":{"@id":"https:\/\/www.axp-systems-engineering.de\/en\/about-us\/about-the-founder\/#primaryimage"},"thumbnailUrl":"https:\/\/www.axp-systems-engineering.de\/wp-content\/uploads\/2024\/09\/axp-systems-engineering_header-start.jpg","datePublished":"2024-12-03T17:41:44+00:00","dateModified":"2025-03-02T19:05:37+00:00","breadcrumb":{"@id":"https:\/\/www.axp-systems-engineering.de\/en\/about-us\/about-the-founder\/#breadcrumb"},"inLanguage":"en-US","potentialAction":[{"@type":"ReadAction","target":["https:\/\/www.axp-systems-engineering.de\/en\/about-us\/about-the-founder\/"]}]},{"@type":"ImageObject","inLanguage":"en-US","@id":"https:\/\/www.axp-systems-engineering.de\/en\/about-us\/about-the-founder\/#primaryimage","url":"https:\/\/www.axp-systems-engineering.de\/wp-content\/uploads\/2024\/09\/axp-systems-engineering_header-start.jpg","contentUrl":"https:\/\/www.axp-systems-engineering.de\/wp-content\/uploads\/2024\/09\/axp-systems-engineering_header-start.jpg","width":1920,"height":805},{"@type":"BreadcrumbList","@id":"https:\/\/www.axp-systems-engineering.de\/en\/about-us\/about-the-founder\/#breadcrumb","itemListElement":[{"@type":"ListItem","position":1,"name":"Startseite","item":"https:\/\/www.axp-systems-engineering.de\/en\/"},{"@type":"ListItem","position":2,"name":"About us","item":"https:\/\/www.axp-systems-engineering.de\/en\/about-us\/"},{"@type":"ListItem","position":3,"name":"About the Founder"}]},{"@type":"WebSite","@id":"https:\/\/www.axp-systems-engineering.de\/en\/#website","url":"https:\/\/www.axp-systems-engineering.de\/en\/","name":"AXP SYSTEMS ENGINEERING - Dr.-Ing. Alexander Adams","description":"Knowing how communi\u00adcations work: L\u00f6sungen f\u00fcr Netzbetreiber, Stadtwerke, Wohnbaugesellschaften, Manager und F\u00fchrungskr\u00e4fte.","publisher":{"@id":"https:\/\/www.axp-systems-engineering.de\/en\/#organization"},"potentialAction":[{"@type":"SearchAction","target":{"@type":"EntryPoint","urlTemplate":"https:\/\/www.axp-systems-engineering.de\/en\/?s={search_term_string}"},"query-input":{"@type":"PropertyValueSpecification","valueRequired":true,"valueName":"search_term_string"}}],"inLanguage":"en-US"},{"@type":"Organization","@id":"https:\/\/www.axp-systems-engineering.de\/en\/#organization","name":"AXP SYSTEMS ENGINEERING - Knowing howcommuni\u00adcations work","url":"https:\/\/www.axp-systems-engineering.de\/en\/","logo":{"@type":"ImageObject","inLanguage":"en-US","@id":"https:\/\/www.axp-systems-engineering.de\/en\/#\/schema\/logo\/image\/","url":"https:\/\/www.axp-systems-engineering.de\/wp-content\/uploads\/2024\/09\/axp-systems-engineering_logo-schwarz.png","contentUrl":"https:\/\/www.axp-systems-engineering.de\/wp-content\/uploads\/2024\/09\/axp-systems-engineering_logo-schwarz.png","width":600,"height":332,"caption":"AXP SYSTEMS ENGINEERING - Knowing howcommuni\u00adcations work"},"image":{"@id":"https:\/\/www.axp-systems-engineering.de\/en\/#\/schema\/logo\/image\/"}}]}},"_links":{"self":[{"href":"https:\/\/www.axp-systems-engineering.de\/en\/wp-json\/wp\/v2\/pages\/143840","targetHints":{"allow":["GET"]}}],"collection":[{"href":"https:\/\/www.axp-systems-engineering.de\/en\/wp-json\/wp\/v2\/pages"}],"about":[{"href":"https:\/\/www.axp-systems-engineering.de\/en\/wp-json\/wp\/v2\/types\/page"}],"author":[{"embeddable":true,"href":"https:\/\/www.axp-systems-engineering.de\/en\/wp-json\/wp\/v2\/users\/28"}],"replies":[{"embeddable":true,"href":"https:\/\/www.axp-systems-engineering.de\/en\/wp-json\/wp\/v2\/comments?post=143840"}],"version-history":[{"count":6,"href":"https:\/\/www.axp-systems-engineering.de\/en\/wp-json\/wp\/v2\/pages\/143840\/revisions"}],"predecessor-version":[{"id":144304,"href":"https:\/\/www.axp-systems-engineering.de\/en\/wp-json\/wp\/v2\/pages\/143840\/revisions\/144304"}],"up":[{"embeddable":true,"href":"https:\/\/www.axp-systems-engineering.de\/en\/wp-json\/wp\/v2\/pages\/143119"}],"wp:featuredmedia":[{"embeddable":true,"href":"https:\/\/www.axp-systems-engineering.de\/en\/wp-json\/wp\/v2\/media\/143071"}],"wp:attachment":[{"href":"https:\/\/www.axp-systems-engineering.de\/en\/wp-json\/wp\/v2\/media?parent=143840"}],"curies":[{"name":"wp","href":"https:\/\/api.w.org\/{rel}","templated":true}]}}