{"id":143976,"date":"2024-12-04T15:58:21","date_gmt":"2024-12-04T14:58:21","guid":{"rendered":"https:\/\/www.axp-systems-engineering.de\/?page_id=143976"},"modified":"2024-12-04T16:06:15","modified_gmt":"2024-12-04T15:06:15","slug":"wireless-and-mobile-standards","status":"publish","type":"page","link":"https:\/\/www.axp-systems-engineering.de\/en\/digital-library\/wireless-and-mobile-standards\/","title":{"rendered":"Wireless &#038; Mobile Standards"},"content":{"rendered":"<div class=\"wpb-content-wrapper\"><p>[vc_row row_height_percent=&#8221;50&#8243; override_padding=&#8221;yes&#8221; h_padding=&#8221;2&#8243; top_padding=&#8221;5&#8243; bottom_padding=&#8221;6&#8243; back_color=&#8221;color-133903&#8243; back_image=&#8221;141741&#8243; parallax=&#8221;yes&#8221; overlay_alpha=&#8221;0&#8243; gutter_size=&#8221;3&#8243; column_width_percent=&#8221;100&#8243; shift_y=&#8221;0&#8243; z_index=&#8221;0&#8243; top_divider=&#8221;gradient&#8221; bottom_divider=&#8221;step_3_4&#8243; content_parallax=&#8221;0&#8243; uncode_shortcode_id=&#8221;721552&#8243; overlay_color_type=&#8221;uncode-gradient&#8221; back_color_type=&#8221;uncode-palette&#8221;][vc_column column_width_percent=&#8221;100&#8243; position_vertical=&#8221;middle&#8221; align_horizontal=&#8221;align_center&#8221; gutter_size=&#8221;3&#8243; style=&#8221;dark&#8221; overlay_alpha=&#8221;0&#8243; shift_x=&#8221;0&#8243; shift_y=&#8221;0&#8243; shift_y_down=&#8221;0&#8243; z_index=&#8221;0&#8243; medium_width=&#8221;0&#8243; mobile_width=&#8221;0&#8243; css_animation=&#8221;alpha-anim&#8221; animation_speed=&#8221;1000&#8243; width=&#8221;1\/1&#8243; uncode_shortcode_id=&#8221;658998&#8243;][vc_row_inner row_inner_height_percent=&#8221;0&#8243; overlay_alpha=&#8221;0&#8243; gutter_size=&#8221;4&#8243; shift_y=&#8221;0&#8243; z_index=&#8221;0&#8243; limit_content=&#8221;&#8221; uncode_shortcode_id=&#8221;473548&#8243;][vc_column_inner column_width_percent=&#8221;100&#8243; position_horizontal=&#8221;left&#8221; gutter_size=&#8221;4&#8243; style=&#8221;dark&#8221; overlay_alpha=&#8221;0&#8243; shift_x=&#8221;0&#8243; shift_y=&#8221;0&#8243; shift_y_down=&#8221;0&#8243; z_index=&#8221;0&#8243; align_medium=&#8221;align_left_tablet&#8221; medium_width=&#8221;0&#8243; align_mobile=&#8221;align_left_mobile&#8221; mobile_width=&#8221;0&#8243; width=&#8221;1\/1&#8243; uncode_shortcode_id=&#8221;585809&#8243;][vc_empty_space empty_h=&#8221;1&#8243;][vc_custom_heading text_font=&#8221;font-178836&#8243; text_size=&#8221;custom&#8221; text_weight=&#8221;600&#8243; text_height=&#8221;fontheight-357766&#8243; uncode_shortcode_id=&#8221;677509&#8243; heading_custom_size=&#8221;36&#8243;]Wireless &amp; Mobile Standards[\/vc_custom_heading][\/vc_column_inner][\/vc_row_inner][vc_row_inner row_inner_height_percent=&#8221;0&#8243; overlay_alpha=&#8221;0&#8243; gutter_size=&#8221;4&#8243; shift_y=&#8221;0&#8243; z_index=&#8221;0&#8243; limit_content=&#8221;&#8221; uncode_shortcode_id=&#8221;228798&#8243;][vc_column_inner column_width_percent=&#8221;100&#8243; align_horizontal=&#8221;align_center&#8221; gutter_size=&#8221;4&#8243; style=&#8221;dark&#8221; overlay_alpha=&#8221;0&#8243; shift_x=&#8221;0&#8243; shift_y=&#8221;0&#8243; shift_y_down=&#8221;0&#8243; z_index=&#8221;0&#8243; align_medium=&#8221;align_left_tablet&#8221; medium_width=&#8221;0&#8243; align_mobile=&#8221;align_left_mobile&#8221; mobile_width=&#8221;0&#8243; width=&#8221;1\/1&#8243; uncode_shortcode_id=&#8221;550182&#8243;][vc_custom_heading heading_semantic=&#8221;h1&#8243; text_font=&#8221;font-178836&#8243; text_size=&#8221;custom&#8221; text_weight=&#8221;600&#8243; text_transform=&#8221;uppercase&#8221; text_height=&#8221;fontheight-357766&#8243; text_space=&#8221;fontspace-781688&#8243; css_animation=&#8221;curtain-words&#8221; animation_speed=&#8221;1000&#8243; animation_delay=&#8221;200&#8243; uncode_shortcode_id=&#8221;159885&#8243; heading_custom_size=&#8221;50px&#8221;]Digital Document Library [\/vc_custom_heading][\/vc_column_inner][\/vc_row_inner][\/vc_column][\/vc_row][vc_row row_height_percent=&#8221;0&#8243; override_padding=&#8221;yes&#8221; h_padding=&#8221;2&#8243; top_padding=&#8221;5&#8243; bottom_padding=&#8221;2&#8243; overlay_alpha=&#8221;50&#8243; gutter_size=&#8221;3&#8243; column_width_percent=&#8221;100&#8243; shift_y=&#8221;0&#8243; z_index=&#8221;0&#8243; bottom_divider=&#8221;step_2_3&#8243; content_parallax=&#8221;0&#8243; uncode_shortcode_id=&#8221;155903&#8243;][vc_column column_width_percent=&#8221;100&#8243; gutter_size=&#8221;4&#8243; overlay_alpha=&#8221;50&#8243; shift_x=&#8221;0&#8243; shift_y=&#8221;0&#8243; shift_y_down=&#8221;0&#8243; z_index=&#8221;0&#8243; medium_width=&#8221;0&#8243; mobile_width=&#8221;0&#8243; css_animation=&#8221;alpha-anim&#8221; animation_speed=&#8221;1000&#8243; width=&#8221;1\/1&#8243; uncode_shortcode_id=&#8221;205630&#8243;][vc_row_inner row_inner_height_percent=&#8221;0&#8243; overlay_alpha=&#8221;50&#8243; gutter_size=&#8221;4&#8243; shift_y=&#8221;0&#8243; z_index=&#8221;0&#8243; limit_content=&#8221;&#8221; uncode_shortcode_id=&#8221;903110&#8243;][vc_column_inner width=&#8221;1\/1&#8243;][vc_custom_heading text_font=&#8221;font-178836&#8243; text_size=&#8221;fontsize-445851&#8243; text_weight=&#8221;700&#8243; text_height=&#8221;fontheight-357766&#8243; uncode_shortcode_id=&#8221;124229&#8243;]Digital Library[\/vc_custom_heading][\/vc_column_inner][\/vc_row_inner][\/vc_column][\/vc_row][vc_row row_height_percent=&#8221;0&#8243; override_padding=&#8221;yes&#8221; h_padding=&#8221;2&#8243; top_padding=&#8221;2&#8243; bottom_padding=&#8221;3&#8243; overlay_alpha=&#8221;50&#8243; gutter_size=&#8221;3&#8243; column_width_percent=&#8221;100&#8243; shift_y=&#8221;0&#8243; z_index=&#8221;0&#8243; bottom_divider=&#8221;step_2_3&#8243; content_parallax=&#8221;0&#8243; uncode_shortcode_id=&#8221;934169&#8243;][vc_column column_width_percent=&#8221;100&#8243; gutter_size=&#8221;4&#8243; overlay_alpha=&#8221;50&#8243; shift_x=&#8221;0&#8243; shift_y=&#8221;0&#8243; shift_y_down=&#8221;0&#8243; z_index=&#8221;0&#8243; medium_width=&#8221;0&#8243; mobile_width=&#8221;0&#8243; css_animation=&#8221;alpha-anim&#8221; animation_speed=&#8221;1000&#8243; width=&#8221;1\/1&#8243; uncode_shortcode_id=&#8221;205630&#8243;][vc_row_inner row_inner_height_percent=&#8221;0&#8243; overlay_alpha=&#8221;50&#8243; gutter_size=&#8221;4&#8243; shift_y=&#8221;-2&#8243; z_index=&#8221;0&#8243; limit_content=&#8221;&#8221; uncode_shortcode_id=&#8221;146426&#8243;][vc_column_inner column_width_percent=&#8221;100&#8243; gutter_size=&#8221;3&#8243; overlay_alpha=&#8221;50&#8243; shift_x=&#8221;0&#8243; shift_y=&#8221;0&#8243; shift_y_down=&#8221;0&#8243; z_index=&#8221;0&#8243; medium_width=&#8221;0&#8243; mobile_width=&#8221;0&#8243; width=&#8221;2\/3&#8243; uncode_shortcode_id=&#8221;839325&#8243;][vc_column_text text_lead=&#8221;yes&#8221; uncode_shortcode_id=&#8221;315902&#8243;]<strong>Digital Document Library &#8212; Your source for critical communications technology documents, guides and specifications, intended as reference material. <\/strong>[\/vc_column_text][\/vc_column_inner][vc_column_inner column_width_percent=&#8221;100&#8243; gutter_size=&#8221;3&#8243; overlay_alpha=&#8221;50&#8243; shift_x=&#8221;0&#8243; shift_y=&#8221;0&#8243; shift_y_down=&#8221;0&#8243; z_index=&#8221;0&#8243; medium_width=&#8221;0&#8243; mobile_visibility=&#8221;yes&#8221; mobile_width=&#8221;0&#8243; width=&#8221;1\/3&#8243; uncode_shortcode_id=&#8221;177693&#8243; css=&#8221;.vc_custom_1731601456378{padding-top: 2px !important;}&#8221;][vc_empty_space empty_h=&#8221;0&#8243;][\/vc_column_inner][\/vc_row_inner][\/vc_column][\/vc_row][vc_row row_height_percent=&#8221;0&#8243; override_padding=&#8221;yes&#8221; h_padding=&#8221;2&#8243; top_padding=&#8221;2&#8243; bottom_padding=&#8221;3&#8243; overlay_alpha=&#8221;50&#8243; gutter_size=&#8221;3&#8243; column_width_percent=&#8221;100&#8243; shift_y=&#8221;0&#8243; z_index=&#8221;0&#8243; bottom_divider=&#8221;step_2_3&#8243; content_parallax=&#8221;0&#8243; uncode_shortcode_id=&#8221;124677&#8243;][vc_column column_width_percent=&#8221;100&#8243; gutter_size=&#8221;4&#8243; overlay_alpha=&#8221;50&#8243; shift_x=&#8221;0&#8243; shift_y=&#8221;0&#8243; shift_y_down=&#8221;0&#8243; z_index=&#8221;0&#8243; medium_width=&#8221;0&#8243; mobile_width=&#8221;0&#8243; css_animation=&#8221;alpha-anim&#8221; animation_speed=&#8221;1000&#8243; width=&#8221;1\/1&#8243; uncode_shortcode_id=&#8221;205630&#8243;][vc_row_inner row_inner_height_percent=&#8221;0&#8243; overlay_alpha=&#8221;50&#8243; gutter_size=&#8221;4&#8243; shift_y=&#8221;-2&#8243; z_index=&#8221;0&#8243; limit_content=&#8221;&#8221; uncode_shortcode_id=&#8221;146426&#8243;][vc_column_inner column_width_percent=&#8221;100&#8243; gutter_size=&#8221;3&#8243; overlay_alpha=&#8221;50&#8243; shift_x=&#8221;0&#8243; shift_y=&#8221;0&#8243; shift_y_down=&#8221;0&#8243; z_index=&#8221;0&#8243; medium_width=&#8221;0&#8243; mobile_width=&#8221;0&#8243; width=&#8221;5\/6&#8243; uncode_shortcode_id=&#8221;560701&#8243; css=&#8221;.vc_custom_1726583652970{padding-top: 2px !important;}&#8221;][vc_custom_heading text_font=&#8221;font-178836&#8243; text_size=&#8221;fontsize-210105&#8243; text_weight=&#8221;700&#8243; text_height=&#8221;fontheight-357766&#8243; uncode_shortcode_id=&#8221;479054&#8243;]ANSI\/SCTE Specifications[\/vc_custom_heading][uncode_list larger=&#8221;small&#8221; icon=&#8221;fa fa-media-record&#8221; icon_color=&#8221;color-165785&#8243; uncode_shortcode_id=&#8221;246962&#8243; icon_color_type=&#8221;uncode-palette&#8221; el_class=&#8221;axp-list&#8221;]<\/p>\n<ul>\n<li><a href=\"https:\/\/www.axp-systems-engineering.de\/wp-content\/uploads\/2024\/11\/ANSI-SCTE-07-2013.pdf\" target=\"_blank\" rel=\"noopener\">ANSI\/SCTE 07 2013 Digital Transmission Standard for Cable Television<\/a><\/li>\n<\/ul>\n<p>[\/uncode_list][uncode_list larger=&#8221;small&#8221; uncode_shortcode_id=&#8221;134989&#8243; el_class=&#8221;axp-list-liststyle-none&#8221;]<\/p>\n<ul>\n<li>This standard describes the framing structure, channel coding, and channel modulation for a digital multi-service television distribution system that is specific to a cable channel. The system can be used transparently with distribution from a satellite channel, as many cable systems are fed directly from satellite links. The specification covers both 64 and 256 QAM. Most features of the two modulation schemes are the same. Where there are differences, the specific details for each modulation scheme are covered.<\/li>\n<\/ul>\n<p>[\/uncode_list][\/vc_column_inner][vc_column_inner width=&#8221;1\/6&#8243;][\/vc_column_inner][\/vc_row_inner][\/vc_column][\/vc_row][vc_row row_height_percent=&#8221;0&#8243; override_padding=&#8221;yes&#8221; h_padding=&#8221;2&#8243; top_padding=&#8221;2&#8243; bottom_padding=&#8221;5&#8243; overlay_alpha=&#8221;50&#8243; gutter_size=&#8221;3&#8243; column_width_percent=&#8221;100&#8243; shift_y=&#8221;0&#8243; z_index=&#8221;0&#8243; bottom_divider=&#8221;step_2_3&#8243; content_parallax=&#8221;0&#8243; uncode_shortcode_id=&#8221;232121&#8243;][vc_column column_width_percent=&#8221;100&#8243; gutter_size=&#8221;4&#8243; overlay_alpha=&#8221;50&#8243; shift_x=&#8221;0&#8243; shift_y=&#8221;0&#8243; shift_y_down=&#8221;0&#8243; z_index=&#8221;0&#8243; medium_width=&#8221;0&#8243; mobile_width=&#8221;0&#8243; css_animation=&#8221;alpha-anim&#8221; animation_speed=&#8221;1000&#8243; width=&#8221;1\/1&#8243; uncode_shortcode_id=&#8221;205630&#8243;][vc_row_inner row_inner_height_percent=&#8221;0&#8243; overlay_alpha=&#8221;50&#8243; gutter_size=&#8221;4&#8243; shift_y=&#8221;-2&#8243; z_index=&#8221;0&#8243; limit_content=&#8221;&#8221; uncode_shortcode_id=&#8221;146426&#8243;][vc_column_inner column_width_percent=&#8221;100&#8243; position_horizontal=&#8221;left&#8221; gutter_size=&#8221;3&#8243; overlay_alpha=&#8221;50&#8243; shift_x=&#8221;0&#8243; shift_y=&#8221;0&#8243; shift_y_down=&#8221;0&#8243; z_index=&#8221;0&#8243; medium_width=&#8221;0&#8243; mobile_width=&#8221;0&#8243; width=&#8221;5\/6&#8243; uncode_shortcode_id=&#8221;150088&#8243; css=&#8221;.vc_custom_1731595914149{padding-top: 2px !important;}&#8221;][vc_empty_space empty_h=&#8221;2&#8243;][\/vc_column_inner][vc_column_inner width=&#8221;1\/6&#8243;][\/vc_column_inner][\/vc_row_inner][\/vc_column][\/vc_row]<\/p>\n<\/div>","protected":false},"excerpt":{"rendered":"<p>[vc_row row_height_percent=&#8221;50&#8243; override_padding=&#8221;yes&#8221; h_padding=&#8221;2&#8243; top_padding=&#8221;5&#8243; bottom_padding=&#8221;6&#8243; back_color=&#8221;color-133903&#8243; back_image=&#8221;141741&#8243; parallax=&#8221;yes&#8221; overlay_alpha=&#8221;0&#8243; gutter_size=&#8221;3&#8243; column_width_percent=&#8221;100&#8243; shift_y=&#8221;0&#8243; z_index=&#8221;0&#8243; top_divider=&#8221;gradient&#8221; bottom_divider=&#8221;step_3_4&#8243; content_parallax=&#8221;0&#8243; uncode_shortcode_id=&#8221;721552&#8243; overlay_color_type=&#8221;uncode-gradient&#8221; back_color_type=&#8221;uncode-palette&#8221;][vc_column [&hellip;]<\/p>\n","protected":false},"author":28,"featured_media":143071,"parent":143635,"menu_order":0,"comment_status":"closed","ping_status":"closed","template":"","meta":{"footnotes":""},"class_list":["post-143976","page","type-page","status-publish","has-post-thumbnail","hentry","page_category-axp-en"],"yoast_head":"<!-- This site is optimized with the Yoast SEO plugin v27.3 - https:\/\/yoast.com\/product\/yoast-seo-wordpress\/ -->\n<title>Wireless &amp; Mobile Standards - AXP SYSTEMS ENGINEERING - Prof. Dr.-Ing. Alexander Adams<\/title>\n<meta name=\"robots\" content=\"index, follow, max-snippet:-1, max-image-preview:large, max-video-preview:-1\" \/>\n<link rel=\"canonical\" href=\"https:\/\/www.axp-systems-engineering.de\/en\/digital-library\/wireless-and-mobile-standards\/\" \/>\n<meta property=\"og:locale\" content=\"en_US\" \/>\n<meta property=\"og:type\" content=\"article\" \/>\n<meta property=\"og:title\" content=\"Wireless &amp; Mobile Standards - AXP SYSTEMS ENGINEERING - Prof. Dr.-Ing. Alexander Adams\" \/>\n<meta property=\"og:description\" content=\"[vc_row row_height_percent=&#8221;50&#8243; override_padding=&#8221;yes&#8221; h_padding=&#8221;2&#8243; top_padding=&#8221;5&#8243; bottom_padding=&#8221;6&#8243; back_color=&#8221;color-133903&#8243; back_image=&#8221;141741&#8243; parallax=&#8221;yes&#8221; overlay_alpha=&#8221;0&#8243; gutter_size=&#8221;3&#8243; column_width_percent=&#8221;100&#8243; shift_y=&#8221;0&#8243; z_index=&#8221;0&#8243; top_divider=&#8221;gradient&#8221; bottom_divider=&#8221;step_3_4&#8243; content_parallax=&#8221;0&#8243; uncode_shortcode_id=&#8221;721552&#8243; overlay_color_type=&#8221;uncode-gradient&#8221; back_color_type=&#8221;uncode-palette&#8221;][vc_column [&hellip;]\" \/>\n<meta property=\"og:url\" content=\"https:\/\/www.axp-systems-engineering.de\/en\/digital-library\/wireless-and-mobile-standards\/\" \/>\n<meta property=\"og:site_name\" content=\"AXP SYSTEMS ENGINEERING - Prof. Dr.-Ing. Alexander Adams\" \/>\n<meta property=\"article:modified_time\" content=\"2024-12-04T15:06:15+00:00\" \/>\n<meta property=\"og:image\" content=\"https:\/\/www.axp-systems-engineering.de\/wp-content\/uploads\/2024\/09\/axp-systems-engineering_header-start.jpg\" \/>\n\t<meta property=\"og:image:width\" content=\"1920\" \/>\n\t<meta property=\"og:image:height\" content=\"805\" \/>\n\t<meta property=\"og:image:type\" content=\"image\/jpeg\" \/>\n<meta name=\"twitter:card\" content=\"summary_large_image\" \/>\n<meta name=\"twitter:label1\" content=\"Est. reading time\" \/>\n\t<meta name=\"twitter:data1\" content=\"7 minutes\" \/>\n<script type=\"application\/ld+json\" class=\"yoast-schema-graph\">{\"@context\":\"https:\\\/\\\/schema.org\",\"@graph\":[{\"@type\":\"WebPage\",\"@id\":\"https:\\\/\\\/www.axp-systems-engineering.de\\\/en\\\/digital-library\\\/wireless-and-mobile-standards\\\/\",\"url\":\"https:\\\/\\\/www.axp-systems-engineering.de\\\/en\\\/digital-library\\\/wireless-and-mobile-standards\\\/\",\"name\":\"Wireless & Mobile Standards - AXP SYSTEMS ENGINEERING - Prof. Dr.-Ing. Alexander Adams\",\"isPartOf\":{\"@id\":\"https:\\\/\\\/www.axp-systems-engineering.de\\\/en\\\/#website\"},\"primaryImageOfPage\":{\"@id\":\"https:\\\/\\\/www.axp-systems-engineering.de\\\/en\\\/digital-library\\\/wireless-and-mobile-standards\\\/#primaryimage\"},\"image\":{\"@id\":\"https:\\\/\\\/www.axp-systems-engineering.de\\\/en\\\/digital-library\\\/wireless-and-mobile-standards\\\/#primaryimage\"},\"thumbnailUrl\":\"https:\\\/\\\/www.axp-systems-engineering.de\\\/wp-content\\\/uploads\\\/2024\\\/09\\\/axp-systems-engineering_header-start.jpg\",\"datePublished\":\"2024-12-04T14:58:21+00:00\",\"dateModified\":\"2024-12-04T15:06:15+00:00\",\"breadcrumb\":{\"@id\":\"https:\\\/\\\/www.axp-systems-engineering.de\\\/en\\\/digital-library\\\/wireless-and-mobile-standards\\\/#breadcrumb\"},\"inLanguage\":\"en-US\",\"potentialAction\":[{\"@type\":\"ReadAction\",\"target\":[\"https:\\\/\\\/www.axp-systems-engineering.de\\\/en\\\/digital-library\\\/wireless-and-mobile-standards\\\/\"]}]},{\"@type\":\"ImageObject\",\"inLanguage\":\"en-US\",\"@id\":\"https:\\\/\\\/www.axp-systems-engineering.de\\\/en\\\/digital-library\\\/wireless-and-mobile-standards\\\/#primaryimage\",\"url\":\"https:\\\/\\\/www.axp-systems-engineering.de\\\/wp-content\\\/uploads\\\/2024\\\/09\\\/axp-systems-engineering_header-start.jpg\",\"contentUrl\":\"https:\\\/\\\/www.axp-systems-engineering.de\\\/wp-content\\\/uploads\\\/2024\\\/09\\\/axp-systems-engineering_header-start.jpg\",\"width\":1920,\"height\":805},{\"@type\":\"BreadcrumbList\",\"@id\":\"https:\\\/\\\/www.axp-systems-engineering.de\\\/en\\\/digital-library\\\/wireless-and-mobile-standards\\\/#breadcrumb\",\"itemListElement\":[{\"@type\":\"ListItem\",\"position\":1,\"name\":\"Startseite\",\"item\":\"https:\\\/\\\/www.axp-systems-engineering.de\\\/en\\\/\"},{\"@type\":\"ListItem\",\"position\":2,\"name\":\"Digital Library\",\"item\":\"https:\\\/\\\/www.axp-systems-engineering.de\\\/en\\\/digital-library\\\/\"},{\"@type\":\"ListItem\",\"position\":3,\"name\":\"Wireless &#038; Mobile Standards\"}]},{\"@type\":\"WebSite\",\"@id\":\"https:\\\/\\\/www.axp-systems-engineering.de\\\/en\\\/#website\",\"url\":\"https:\\\/\\\/www.axp-systems-engineering.de\\\/en\\\/\",\"name\":\"AXP SYSTEMS ENGINEERING - Dr.-Ing. Alexander Adams\",\"description\":\"Knowing how communi\u00adcations work: L\u00f6sungen f\u00fcr Netzbetreiber, Stadtwerke, Wohnbaugesellschaften, Manager und F\u00fchrungskr\u00e4fte.\",\"publisher\":{\"@id\":\"https:\\\/\\\/www.axp-systems-engineering.de\\\/en\\\/#organization\"},\"potentialAction\":[{\"@type\":\"SearchAction\",\"target\":{\"@type\":\"EntryPoint\",\"urlTemplate\":\"https:\\\/\\\/www.axp-systems-engineering.de\\\/en\\\/?s={search_term_string}\"},\"query-input\":{\"@type\":\"PropertyValueSpecification\",\"valueRequired\":true,\"valueName\":\"search_term_string\"}}],\"inLanguage\":\"en-US\"},{\"@type\":\"Organization\",\"@id\":\"https:\\\/\\\/www.axp-systems-engineering.de\\\/en\\\/#organization\",\"name\":\"AXP SYSTEMS ENGINEERING - Knowing howcommuni\u00adcations work\",\"url\":\"https:\\\/\\\/www.axp-systems-engineering.de\\\/en\\\/\",\"logo\":{\"@type\":\"ImageObject\",\"inLanguage\":\"en-US\",\"@id\":\"https:\\\/\\\/www.axp-systems-engineering.de\\\/en\\\/#\\\/schema\\\/logo\\\/image\\\/\",\"url\":\"https:\\\/\\\/www.axp-systems-engineering.de\\\/wp-content\\\/uploads\\\/2024\\\/09\\\/axp-systems-engineering_logo-schwarz.png\",\"contentUrl\":\"https:\\\/\\\/www.axp-systems-engineering.de\\\/wp-content\\\/uploads\\\/2024\\\/09\\\/axp-systems-engineering_logo-schwarz.png\",\"width\":600,\"height\":332,\"caption\":\"AXP SYSTEMS ENGINEERING - Knowing howcommuni\u00adcations work\"},\"image\":{\"@id\":\"https:\\\/\\\/www.axp-systems-engineering.de\\\/en\\\/#\\\/schema\\\/logo\\\/image\\\/\"}}]}<\/script>\n<!-- \/ Yoast SEO plugin. -->","yoast_head_json":{"title":"Wireless & Mobile Standards - AXP SYSTEMS ENGINEERING - Prof. Dr.-Ing. Alexander Adams","robots":{"index":"index","follow":"follow","max-snippet":"max-snippet:-1","max-image-preview":"max-image-preview:large","max-video-preview":"max-video-preview:-1"},"canonical":"https:\/\/www.axp-systems-engineering.de\/en\/digital-library\/wireless-and-mobile-standards\/","og_locale":"en_US","og_type":"article","og_title":"Wireless & Mobile Standards - AXP SYSTEMS ENGINEERING - Prof. Dr.-Ing. Alexander Adams","og_description":"[vc_row row_height_percent=&#8221;50&#8243; override_padding=&#8221;yes&#8221; h_padding=&#8221;2&#8243; top_padding=&#8221;5&#8243; bottom_padding=&#8221;6&#8243; back_color=&#8221;color-133903&#8243; back_image=&#8221;141741&#8243; parallax=&#8221;yes&#8221; overlay_alpha=&#8221;0&#8243; gutter_size=&#8221;3&#8243; column_width_percent=&#8221;100&#8243; shift_y=&#8221;0&#8243; z_index=&#8221;0&#8243; top_divider=&#8221;gradient&#8221; bottom_divider=&#8221;step_3_4&#8243; content_parallax=&#8221;0&#8243; uncode_shortcode_id=&#8221;721552&#8243; overlay_color_type=&#8221;uncode-gradient&#8221; back_color_type=&#8221;uncode-palette&#8221;][vc_column [&hellip;]","og_url":"https:\/\/www.axp-systems-engineering.de\/en\/digital-library\/wireless-and-mobile-standards\/","og_site_name":"AXP SYSTEMS ENGINEERING - Prof. Dr.-Ing. Alexander Adams","article_modified_time":"2024-12-04T15:06:15+00:00","og_image":[{"width":1920,"height":805,"url":"https:\/\/www.axp-systems-engineering.de\/wp-content\/uploads\/2024\/09\/axp-systems-engineering_header-start.jpg","type":"image\/jpeg"}],"twitter_card":"summary_large_image","twitter_misc":{"Est. reading time":"7 minutes"},"schema":{"@context":"https:\/\/schema.org","@graph":[{"@type":"WebPage","@id":"https:\/\/www.axp-systems-engineering.de\/en\/digital-library\/wireless-and-mobile-standards\/","url":"https:\/\/www.axp-systems-engineering.de\/en\/digital-library\/wireless-and-mobile-standards\/","name":"Wireless & Mobile Standards - AXP SYSTEMS ENGINEERING - Prof. Dr.-Ing. Alexander Adams","isPartOf":{"@id":"https:\/\/www.axp-systems-engineering.de\/en\/#website"},"primaryImageOfPage":{"@id":"https:\/\/www.axp-systems-engineering.de\/en\/digital-library\/wireless-and-mobile-standards\/#primaryimage"},"image":{"@id":"https:\/\/www.axp-systems-engineering.de\/en\/digital-library\/wireless-and-mobile-standards\/#primaryimage"},"thumbnailUrl":"https:\/\/www.axp-systems-engineering.de\/wp-content\/uploads\/2024\/09\/axp-systems-engineering_header-start.jpg","datePublished":"2024-12-04T14:58:21+00:00","dateModified":"2024-12-04T15:06:15+00:00","breadcrumb":{"@id":"https:\/\/www.axp-systems-engineering.de\/en\/digital-library\/wireless-and-mobile-standards\/#breadcrumb"},"inLanguage":"en-US","potentialAction":[{"@type":"ReadAction","target":["https:\/\/www.axp-systems-engineering.de\/en\/digital-library\/wireless-and-mobile-standards\/"]}]},{"@type":"ImageObject","inLanguage":"en-US","@id":"https:\/\/www.axp-systems-engineering.de\/en\/digital-library\/wireless-and-mobile-standards\/#primaryimage","url":"https:\/\/www.axp-systems-engineering.de\/wp-content\/uploads\/2024\/09\/axp-systems-engineering_header-start.jpg","contentUrl":"https:\/\/www.axp-systems-engineering.de\/wp-content\/uploads\/2024\/09\/axp-systems-engineering_header-start.jpg","width":1920,"height":805},{"@type":"BreadcrumbList","@id":"https:\/\/www.axp-systems-engineering.de\/en\/digital-library\/wireless-and-mobile-standards\/#breadcrumb","itemListElement":[{"@type":"ListItem","position":1,"name":"Startseite","item":"https:\/\/www.axp-systems-engineering.de\/en\/"},{"@type":"ListItem","position":2,"name":"Digital Library","item":"https:\/\/www.axp-systems-engineering.de\/en\/digital-library\/"},{"@type":"ListItem","position":3,"name":"Wireless &#038; Mobile Standards"}]},{"@type":"WebSite","@id":"https:\/\/www.axp-systems-engineering.de\/en\/#website","url":"https:\/\/www.axp-systems-engineering.de\/en\/","name":"AXP SYSTEMS ENGINEERING - Dr.-Ing. Alexander Adams","description":"Knowing how communi\u00adcations work: L\u00f6sungen f\u00fcr Netzbetreiber, Stadtwerke, Wohnbaugesellschaften, Manager und F\u00fchrungskr\u00e4fte.","publisher":{"@id":"https:\/\/www.axp-systems-engineering.de\/en\/#organization"},"potentialAction":[{"@type":"SearchAction","target":{"@type":"EntryPoint","urlTemplate":"https:\/\/www.axp-systems-engineering.de\/en\/?s={search_term_string}"},"query-input":{"@type":"PropertyValueSpecification","valueRequired":true,"valueName":"search_term_string"}}],"inLanguage":"en-US"},{"@type":"Organization","@id":"https:\/\/www.axp-systems-engineering.de\/en\/#organization","name":"AXP SYSTEMS ENGINEERING - Knowing howcommuni\u00adcations work","url":"https:\/\/www.axp-systems-engineering.de\/en\/","logo":{"@type":"ImageObject","inLanguage":"en-US","@id":"https:\/\/www.axp-systems-engineering.de\/en\/#\/schema\/logo\/image\/","url":"https:\/\/www.axp-systems-engineering.de\/wp-content\/uploads\/2024\/09\/axp-systems-engineering_logo-schwarz.png","contentUrl":"https:\/\/www.axp-systems-engineering.de\/wp-content\/uploads\/2024\/09\/axp-systems-engineering_logo-schwarz.png","width":600,"height":332,"caption":"AXP SYSTEMS ENGINEERING - Knowing howcommuni\u00adcations work"},"image":{"@id":"https:\/\/www.axp-systems-engineering.de\/en\/#\/schema\/logo\/image\/"}}]}},"_links":{"self":[{"href":"https:\/\/www.axp-systems-engineering.de\/en\/wp-json\/wp\/v2\/pages\/143976","targetHints":{"allow":["GET"]}}],"collection":[{"href":"https:\/\/www.axp-systems-engineering.de\/en\/wp-json\/wp\/v2\/pages"}],"about":[{"href":"https:\/\/www.axp-systems-engineering.de\/en\/wp-json\/wp\/v2\/types\/page"}],"author":[{"embeddable":true,"href":"https:\/\/www.axp-systems-engineering.de\/en\/wp-json\/wp\/v2\/users\/28"}],"replies":[{"embeddable":true,"href":"https:\/\/www.axp-systems-engineering.de\/en\/wp-json\/wp\/v2\/comments?post=143976"}],"version-history":[{"count":3,"href":"https:\/\/www.axp-systems-engineering.de\/en\/wp-json\/wp\/v2\/pages\/143976\/revisions"}],"predecessor-version":[{"id":143992,"href":"https:\/\/www.axp-systems-engineering.de\/en\/wp-json\/wp\/v2\/pages\/143976\/revisions\/143992"}],"up":[{"embeddable":true,"href":"https:\/\/www.axp-systems-engineering.de\/en\/wp-json\/wp\/v2\/pages\/143635"}],"wp:featuredmedia":[{"embeddable":true,"href":"https:\/\/www.axp-systems-engineering.de\/en\/wp-json\/wp\/v2\/media\/143071"}],"wp:attachment":[{"href":"https:\/\/www.axp-systems-engineering.de\/en\/wp-json\/wp\/v2\/media?parent=143976"}],"curies":[{"name":"wp","href":"https:\/\/api.w.org\/{rel}","templated":true}]}}